{"id":16179,"date":"2025-07-15T10:57:58","date_gmt":"2025-07-15T10:57:58","guid":{"rendered":"https:\/\/configuratorsolutions.com\/?page_id=16179"},"modified":"2025-08-08T12:15:59","modified_gmt":"2025-08-08T12:15:59","slug":"download","status":"publish","type":"page","link":"https:\/\/configuratorsolutions.com\/en\/download\/","title":{"rendered":"Download"},"content":{"rendered":"\t\t<div data-elementor-type=\"wp-page\" data-elementor-id=\"16179\" class=\"elementor elementor-16179\" data-elementor-settings=\"{&quot;element_pack_global_tooltip_width&quot;:{&quot;unit&quot;:&quot;px&quot;,&quot;size&quot;:&quot;&quot;,&quot;sizes&quot;:[]},&quot;element_pack_global_tooltip_width_widescreen&quot;:{&quot;unit&quot;:&quot;px&quot;,&quot;size&quot;:&quot;&quot;,&quot;sizes&quot;:[]},&quot;element_pack_global_tooltip_width_laptop&quot;:{&quot;unit&quot;:&quot;px&quot;,&quot;size&quot;:&quot;&quot;,&quot;sizes&quot;:[]},&quot;element_pack_global_tooltip_width_tablet_extra&quot;:{&quot;unit&quot;:&quot;px&quot;,&quot;size&quot;:&quot;&quot;,&quot;sizes&quot;:[]},&quot;element_pack_global_tooltip_width_tablet&quot;:{&quot;unit&quot;:&quot;px&quot;,&quot;size&quot;:&quot;&quot;,&quot;sizes&quot;:[]},&quot;element_pack_global_tooltip_width_mobile&quot;:{&quot;unit&quot;:&quot;px&quot;,&quot;size&quot;:&quot;&quot;,&quot;sizes&quot;:[]},&quot;element_pack_global_tooltip_padding&quot;:{&quot;unit&quot;:&quot;px&quot;,&quot;top&quot;:&quot;&quot;,&quot;right&quot;:&quot;&quot;,&quot;bottom&quot;:&quot;&quot;,&quot;left&quot;:&quot;&quot;,&quot;isLinked&quot;:true},&quot;element_pack_global_tooltip_padding_widescreen&quot;:{&quot;unit&quot;:&quot;px&quot;,&quot;top&quot;:&quot;&quot;,&quot;right&quot;:&quot;&quot;,&quot;bottom&quot;:&quot;&quot;,&quot;left&quot;:&quot;&quot;,&quot;isLinked&quot;:true},&quot;element_pack_global_tooltip_padding_laptop&quot;:{&quot;unit&quot;:&quot;px&quot;,&quot;top&quot;:&quot;&quot;,&quot;right&quot;:&quot;&quot;,&quot;bottom&quot;:&quot;&quot;,&quot;left&quot;:&quot;&quot;,&quot;isLinked&quot;:true},&quot;element_pack_global_tooltip_padding_tablet_extra&quot;:{&quot;unit&quot;:&quot;px&quot;,&quot;top&quot;:&quot;&quot;,&quot;right&quot;:&quot;&quot;,&quot;bottom&quot;:&quot;&quot;,&quot;left&quot;:&quot;&quot;,&quot;isLinked&quot;:true},&quot;element_pack_global_tooltip_padding_tablet&quot;:{&quot;unit&quot;:&quot;px&quot;,&quot;top&quot;:&quot;&quot;,&quot;right&quot;:&quot;&quot;,&quot;bottom&quot;:&quot;&quot;,&quot;left&quot;:&quot;&quot;,&quot;isLinked&quot;:true},&quot;element_pack_global_tooltip_padding_mobile&quot;:{&quot;unit&quot;:&quot;px&quot;,&quot;top&quot;:&quot;&quot;,&quot;right&quot;:&quot;&quot;,&quot;bottom&quot;:&quot;&quot;,&quot;left&quot;:&quot;&quot;,&quot;isLinked&quot;:true},&quot;element_pack_global_tooltip_border_radius&quot;:{&quot;unit&quot;:&quot;px&quot;,&quot;top&quot;:&quot;&quot;,&quot;right&quot;:&quot;&quot;,&quot;bottom&quot;:&quot;&quot;,&quot;left&quot;:&quot;&quot;,&quot;isLinked&quot;:true},&quot;element_pack_global_tooltip_border_radius_widescreen&quot;:{&quot;unit&quot;:&quot;px&quot;,&quot;top&quot;:&quot;&quot;,&quot;right&quot;:&quot;&quot;,&quot;bottom&quot;:&quot;&quot;,&quot;left&quot;:&quot;&quot;,&quot;isLinked&quot;:true},&quot;element_pack_global_tooltip_border_radius_laptop&quot;:{&quot;unit&quot;:&quot;px&quot;,&quot;top&quot;:&quot;&quot;,&quot;right&quot;:&quot;&quot;,&quot;bottom&quot;:&quot;&quot;,&quot;left&quot;:&quot;&quot;,&quot;isLinked&quot;:true},&quot;element_pack_global_tooltip_border_radius_tablet_extra&quot;:{&quot;unit&quot;:&quot;px&quot;,&quot;top&quot;:&quot;&quot;,&quot;right&quot;:&quot;&quot;,&quot;bottom&quot;:&quot;&quot;,&quot;left&quot;:&quot;&quot;,&quot;isLinked&quot;:true},&quot;element_pack_global_tooltip_border_radius_tablet&quot;:{&quot;unit&quot;:&quot;px&quot;,&quot;top&quot;:&quot;&quot;,&quot;right&quot;:&quot;&quot;,&quot;bottom&quot;:&quot;&quot;,&quot;left&quot;:&quot;&quot;,&quot;isLinked&quot;:true},&quot;element_pack_global_tooltip_border_radius_mobile&quot;:{&quot;unit&quot;:&quot;px&quot;,&quot;top&quot;:&quot;&quot;,&quot;right&quot;:&quot;&quot;,&quot;bottom&quot;:&quot;&quot;,&quot;left&quot;:&quot;&quot;,&quot;isLinked&quot;:true}}\" data-elementor-post-type=\"page\">\n\t\t\t\t<div data-particle_enable=\"false\" data-particle-mobile-disabled=\"false\" class=\"elementor-element elementor-element-e372efc e-flex e-con-boxed e-con e-parent \" data-id=\"e372efc\" data-element_type=\"container\" data-e-type=\"container\" data-settings=\"{&quot;ekit_has_onepagescroll_dot&quot;:&quot;yes&quot;}\">\t\t\t<div class=\"e-con-inner\">\r\n\t\t\t\t<div class=\"elementor-element elementor-element-eb06062 elementor-widget elementor-widget-pxl_heading\" data-id=\"eb06062\" data-element_type=\"widget\" data-e-type=\"widget\" data-settings=\"{&quot;ekit_we_effect_on&quot;:&quot;none&quot;}\" data-widget_type=\"pxl_heading.default\">\n\t\t\t\t<div class=\"elementor-widget-container\">\n\t\t\t\t\t\r\n<div id=\"pxl-pxl_heading-eb06062-1609\" class=\"pxl-heading px-sub-title-default-style \">\r\n\t<div class=\"pxl-heading--inner\">\r\n\t\t\r\n\t\t<h3 class=\"pxl-item--title style-default highlight-default \" data-wow-delay=\"ms\">\r\n\r\n\t\t\t<span class=\"pxl-heading--text\">\r\n\r\n\t\t\t\t\t\t\t\t\tPlease provide your details to download\t\r\n\t\t\t\t\t\r\n\r\n\t\t\t<\/span>\r\n\t\t<\/h3>\r\n\t\t\r\n\t<\/div>\r\n<\/div>\t\t\t\t<\/div>\n\t\t\t\t<\/div>\n\t\t\t\t<div class=\"elementor-element elementor-element-6849b017 elementor-widget elementor-widget-pxl_text_editor\" data-id=\"6849b017\" data-element_type=\"widget\" data-e-type=\"widget\" data-settings=\"{&quot;ekit_we_effect_on&quot;:&quot;none&quot;}\" data-widget_type=\"pxl_text_editor.default\">\n\t\t\t\t<div class=\"elementor-widget-container\">\n\t\t\t\t\t<div class=\"pxl-text-editor highlight-gradient\">\r\n\t<div class=\"pxl-item--inner  \" >\r\n\t\t<p>Configurator Solutions develops guided sales solutions for manufacturers of engineered products. To read more about our products and client successes, please fill in the form below and download the desired collateral.<\/p>\t\t\r\n\t<\/div>\r\n<\/div>\t\t\t\t<\/div>\n\t\t\t\t<\/div>\n\t\t\t\t<div class=\"elementor-element elementor-element-357ffad0 elementor-widget elementor-widget-pxl_contact_form\" data-id=\"357ffad0\" data-element_type=\"widget\" data-e-type=\"widget\" data-settings=\"{&quot;ekit_we_effect_on&quot;:&quot;none&quot;}\" data-widget_type=\"pxl_contact_form.default\">\n\t\t\t\t<div class=\"elementor-widget-container\">\n\t\t\t\t\t    <div class=\"pxl-contact-form pxl-contact-form1 btn-w-auto \" data-wow-delay=\"ms\">\r\n        \n<div class=\"wpcf7 no-js\" id=\"wpcf7-f14628-o1\" lang=\"en-US\" dir=\"ltr\" data-wpcf7-id=\"14628\">\n<div class=\"screen-reader-response\"><p role=\"status\" aria-live=\"polite\" aria-atomic=\"true\"><\/p> <ul><\/ul><\/div>\n<form action=\"\/en\/wp-json\/wp\/v2\/pages\/16179#wpcf7-f14628-o1\" method=\"post\" class=\"wpcf7-form init\" aria-label=\"Contact form\" novalidate=\"novalidate\" data-status=\"init\">\n<fieldset class=\"hidden-fields-container\"><input type=\"hidden\" name=\"_wpcf7\" value=\"14628\" \/><input type=\"hidden\" name=\"_wpcf7_version\" value=\"6.1.5\" \/><input type=\"hidden\" name=\"_wpcf7_locale\" value=\"en_US\" \/><input type=\"hidden\" name=\"_wpcf7_unit_tag\" value=\"wpcf7-f14628-o1\" \/><input type=\"hidden\" name=\"_wpcf7_container_post\" value=\"0\" \/><input type=\"hidden\" name=\"_wpcf7_posted_data_hash\" value=\"\" \/><input type=\"hidden\" name=\"_uacf7_hidden_conditional_fields\" value=\"\" \/>\n<\/fieldset>\n<div class=\"uacf7-form-wrapper-container uacf7-form-14628  \"><div class=\"download-form-box\">\n  <div class=\"two-col\">\n    <div class=\"field-col\"><span class=\"wpcf7-form-control-wrap\" data-name=\"your-name\"><input size=\"40\" maxlength=\"400\" class=\"wpcf7-form-control wpcf7-text wpcf7-validates-as-required\" aria-required=\"true\" aria-invalid=\"false\" placeholder=\"*Full name\" value=\"\" type=\"text\" name=\"your-name\" \/><\/span><\/div>\n    <div class=\"field-col\"><span class=\"wpcf7-form-control-wrap\" data-name=\"your-email\"><input size=\"40\" maxlength=\"400\" class=\"wpcf7-form-control wpcf7-email wpcf7-validates-as-required wpcf7-text wpcf7-validates-as-email\" aria-required=\"true\" aria-invalid=\"false\" placeholder=\"*Email address\" value=\"\" type=\"email\" name=\"your-email\" \/><\/span><\/div>\n  <\/div>\n  <div class=\"two-col\">\n    <div class=\"field-col\"><span class=\"wpcf7-form-control-wrap\" data-name=\"your-phone\"><input size=\"40\" maxlength=\"400\" class=\"wpcf7-form-control wpcf7-tel wpcf7-validates-as-required wpcf7-text wpcf7-validates-as-tel\" aria-required=\"true\" aria-invalid=\"false\" placeholder=\"Enter a valid phone number with country code\" value=\"\" type=\"tel\" name=\"your-phone\" \/><\/span><\/div>\n<script>\ndocument.addEventListener('DOMContentLoaded', function() {\n  \/\/ Phone validation\n  const phoneField = document.querySelector('input[name=\"your-phone\"]');\n  if (phoneField) {\n    phoneField.addEventListener('input', function() {\n      \/\/ Allow only digits and single leading +\n      this.value = this.value.replace(\/(?!^\\+)[^0-9]\/g, '');\n    });\n    phoneField.setAttribute(\"pattern\", \"^\\\\+?\\\\d{10,15}$\");\n    phoneField.setAttribute(\"title\", \"Enter a valid phone number with country code (10\u201315 digits)\");\n  }\n\n  \/\/ Email validation\n  const emailField = document.querySelector('input[name=\"your-email\"]');\n  if (emailField) {\n    \/\/ Stricter pattern: must have name@domain and at least 2-char TLD\n    emailField.setAttribute(\"pattern\", \"^[a-zA-Z0-9._%+-]+@[a-zA-Z0-9.-]+\\\\.[a-zA-Z]{2,}$\");\n    emailField.setAttribute(\"title\", \"Enter a valid email address (e.g. name@example.com)\");\n  }\n});\n<\/script>\n    <div class=\"field-col\"><span class=\"wpcf7-form-control-wrap\" data-name=\"your-company\"><input size=\"40\" maxlength=\"400\" class=\"wpcf7-form-control wpcf7-text wpcf7-validates-as-required\" aria-required=\"true\" aria-invalid=\"false\" placeholder=\"*Company name\" value=\"\" type=\"text\" name=\"your-company\" \/><\/span><\/div>\n  <\/div>\n  <details>\n    <summary><strong>1. Pumps<\/strong><\/summary>\n    <div class=\"option-grid\">\n      <span class=\"wpcf7-form-control-wrap\" data-name=\"pumps\"><span class=\"wpcf7-form-control wpcf7-checkbox\"><span class=\"wpcf7-list-item first last\"><label><input type=\"checkbox\" name=\"pumps[]\" value=\"Whitepaper - How to choose the best-fit pump for a centrifugal pumping application\" \/><span class=\"wpcf7-list-item-label\">Whitepaper - How to choose the best-fit pump for a centrifugal pumping application<\/span><\/label><\/span><\/span><\/span>\n      <span class=\"wpcf7-form-control-wrap\" data-name=\"pumps\"><span class=\"wpcf7-form-control wpcf7-checkbox\"><span class=\"wpcf7-list-item first last\"><label><input type=\"checkbox\" name=\"pumps[]\" value=\"Presentation - Sales Configurators for Pump Selection &amp; Quotation\" \/><span class=\"wpcf7-list-item-label\">Presentation - Sales Configurators for Pump Selection &amp; Quotation<\/span><\/label><\/span><\/span><\/span>\n      <span class=\"wpcf7-form-control-wrap\" data-name=\"pumps\"><span class=\"wpcf7-form-control wpcf7-checkbox\"><span class=\"wpcf7-list-item first last\"><label><input type=\"checkbox\" name=\"pumps[]\" value=\"Whitepaper - A competitive edge with pump CPQ software\" \/><span class=\"wpcf7-list-item-label\">Whitepaper - A competitive edge with pump CPQ software<\/span><\/label><\/span><\/span><\/span>\n      <span class=\"wpcf7-form-control-wrap\" data-name=\"pumps\"><span class=\"wpcf7-form-control wpcf7-checkbox\"><span class=\"wpcf7-list-item first last\"><label><input type=\"checkbox\" name=\"pumps[]\" value=\"Verkoopconfiguratoren voor Pomp Selectie &amp; Offerte\" \/><span class=\"wpcf7-list-item-label\">Verkoopconfiguratoren voor Pomp Selectie &amp; Offerte<\/span><\/label><\/span><\/span><\/span>\n      <span class=\"wpcf7-form-control-wrap\" data-name=\"pumps\"><span class=\"wpcf7-form-control wpcf7-checkbox\"><span class=\"wpcf7-list-item first last\"><label><input type=\"checkbox\" name=\"pumps[]\" value=\"Configuratori di vendita per selezione e quotazione della pompa\" \/><span class=\"wpcf7-list-item-label\">Configuratori di vendita per selezione e quotazione della pompa<\/span><\/label><\/span><\/span><\/span>\n      <span class=\"wpcf7-form-control-wrap\" data-name=\"pumps\"><span class=\"wpcf7-form-control wpcf7-checkbox\"><span class=\"wpcf7-list-item first last\"><label><input type=\"checkbox\" name=\"pumps[]\" value=\"Configurateurs de vente pour la s\u00e9lection des pompes et devis\" \/><span class=\"wpcf7-list-item-label\">Configurateurs de vente pour la s\u00e9lection des pompes et devis<\/span><\/label><\/span><\/span><\/span>\n    <\/div>\n  <\/details>\n\n  <details>\n    <summary><strong>2. Valves<\/strong><\/summary>\n    <div class=\"option-grid\">\n      <span class=\"wpcf7-form-control-wrap\" data-name=\"valves\"><span class=\"wpcf7-form-control wpcf7-checkbox\"><span class=\"wpcf7-list-item first last\"><label><input type=\"checkbox\" name=\"valves[]\" value=\"Presentation - SSCPQ Solutions for the Control Valves\" \/><span class=\"wpcf7-list-item-label\">Presentation - SSCPQ Solutions for the Control Valves<\/span><\/label><\/span><\/span><\/span>\n      <span class=\"wpcf7-form-control-wrap\" data-name=\"valves\"><span class=\"wpcf7-form-control wpcf7-checkbox\"><span class=\"wpcf7-list-item first last\"><label><input type=\"checkbox\" name=\"valves[]\" value=\"Whitepaper - Selecting The Best Fit for Purpose Control Valve\" \/><span class=\"wpcf7-list-item-label\">Whitepaper - Selecting The Best Fit for Purpose Control Valve<\/span><\/label><\/span><\/span><\/span>\n      <span class=\"wpcf7-form-control-wrap\" data-name=\"valves\"><span class=\"wpcf7-form-control wpcf7-checkbox\"><span class=\"wpcf7-list-item first last\"><label><input type=\"checkbox\" name=\"valves[]\" value=\"Presentation - Valve Sizing, Selection, &amp; Quotation- Safety &amp; Pressure Relief Valves\" \/><span class=\"wpcf7-list-item-label\">Presentation - Valve Sizing, Selection, &amp; Quotation- Safety &amp; Pressure Relief Valves<\/span><\/label><\/span><\/span><\/span>\n      <span class=\"wpcf7-form-control-wrap\" data-name=\"valves\"><span class=\"wpcf7-form-control wpcf7-checkbox\"><span class=\"wpcf7-list-item first last\"><label><input type=\"checkbox\" name=\"valves[]\" value=\"Presentation - Guided CPQ Software for Isolation, On-Off Valves\" \/><span class=\"wpcf7-list-item-label\">Presentation - Guided CPQ Software for Isolation, On-Off Valves<\/span><\/label><\/span><\/span><\/span>\n      <span class=\"wpcf7-form-control-wrap\" data-name=\"valves\"><span class=\"wpcf7-form-control wpcf7-checkbox\"><span class=\"wpcf7-list-item first last\"><label><input type=\"checkbox\" name=\"valves[]\" value=\"Presentation - Valve CPQ Challenges &amp; Solutions\" \/><span class=\"wpcf7-list-item-label\">Presentation - Valve CPQ Challenges &amp; Solutions<\/span><\/label><\/span><\/span><\/span>\n      <span class=\"wpcf7-form-control-wrap\" data-name=\"valves\"><span class=\"wpcf7-form-control wpcf7-checkbox\"><span class=\"wpcf7-list-item first last\"><label><input type=\"checkbox\" name=\"valves[]\" value=\"Software di selezione e quotazione per valvole saracinesca\" \/><span class=\"wpcf7-list-item-label\">Software di selezione e quotazione per valvole saracinesca<\/span><\/label><\/span><\/span><\/span>\n      <span class=\"wpcf7-form-control-wrap\" data-name=\"valves\"><span class=\"wpcf7-form-control wpcf7-checkbox\"><span class=\"wpcf7-list-item first last\"><label><input type=\"checkbox\" name=\"valves[]\" value=\"Software di Selezione e Quotazione Per produttori di Valvole on\/off\" \/><span class=\"wpcf7-list-item-label\">Software di Selezione e Quotazione Per produttori di Valvole on\/off<\/span><\/label><\/span><\/span><\/span>\n      <span class=\"wpcf7-form-control-wrap\" data-name=\"valves\"><span class=\"wpcf7-form-control wpcf7-checkbox\"><span class=\"wpcf7-list-item first last\"><label><input type=\"checkbox\" name=\"valves[]\" value=\"Software di vendita guidata per valvole di controllo dimensionamento, selezione e quotazione\" \/><span class=\"wpcf7-list-item-label\">Software di vendita guidata per valvole di controllo dimensionamento, selezione e quotazione<\/span><\/label><\/span><\/span><\/span>\n      <span class=\"wpcf7-form-control-wrap\" data-name=\"valves\"><span class=\"wpcf7-form-control wpcf7-checkbox\"><span class=\"wpcf7-list-item first last\"><label><input type=\"checkbox\" name=\"valves[]\" value=\"Begeleidende verkoopsoftware voor Regelklep Meting, Selectie &amp; Offerte\" \/><span class=\"wpcf7-list-item-label\">Begeleidende verkoopsoftware voor Regelklep Meting, Selectie &amp; Offerte<\/span><\/label><\/span><\/span><\/span>\n      <span class=\"wpcf7-form-control-wrap\" data-name=\"valves\"><span class=\"wpcf7-form-control wpcf7-checkbox\"><span class=\"wpcf7-list-item first last\"><label><input type=\"checkbox\" name=\"valves[]\" value=\"Selectie &amp; Offerte software voor Aan-Uit Klep Fabrikanten\" \/><span class=\"wpcf7-list-item-label\">Selectie &amp; Offerte software voor Aan-Uit Klep Fabrikanten<\/span><\/label><\/span><\/span><\/span>\n      <span class=\"wpcf7-form-control-wrap\" data-name=\"valves\"><span class=\"wpcf7-form-control wpcf7-checkbox\"><span class=\"wpcf7-list-item first last\"><label><input type=\"checkbox\" name=\"valves[]\" value=\"Selectie &amp; Offerte software voor Schuifkleppen\" \/><span class=\"wpcf7-list-item-label\">Selectie &amp; Offerte software voor Schuifkleppen<\/span><\/label><\/span><\/span><\/span>\n      <span class=\"wpcf7-form-control-wrap\" data-name=\"valves\"><span class=\"wpcf7-form-control wpcf7-checkbox\"><span class=\"wpcf7-list-item first last\"><label><input type=\"checkbox\" name=\"valves[]\" value=\"Verkoopconfiguratoren voor Condenspot Meting, Selectie &amp; Offerte\" \/><span class=\"wpcf7-list-item-label\">Verkoopconfiguratoren voor Condenspot Meting, Selectie &amp; Offerte<\/span><\/label><\/span><\/span><\/span>\n      <span class=\"wpcf7-form-control-wrap\" data-name=\"valves\"><span class=\"wpcf7-form-control wpcf7-checkbox\"><span class=\"wpcf7-list-item first last\"><label><input type=\"checkbox\" name=\"valves[]\" value=\"Meting, Selectie &amp; Offerte software voor Veiligheids- en overdrukkleppen\" \/><span class=\"wpcf7-list-item-label\">Meting, Selectie &amp; Offerte software voor Veiligheids- en overdrukkleppen<\/span><\/label><\/span><\/span><\/span>\n      <span class=\"wpcf7-form-control-wrap\" data-name=\"valves\"><span class=\"wpcf7-form-control wpcf7-checkbox\"><span class=\"wpcf7-list-item first last\"><label><input type=\"checkbox\" name=\"valves[]\" value=\"Logiciel de vente guid\u00e9 pour le dimensionnement des vannes de contr\u00f4le, s\u00e9lection et devis\" \/><span class=\"wpcf7-list-item-label\">Logiciel de vente guid\u00e9 pour le dimensionnement des vannes de contr\u00f4le, s\u00e9lection et devis<\/span><\/label><\/span><\/span><\/span>\n      <span class=\"wpcf7-form-control-wrap\" data-name=\"valves\"><span class=\"wpcf7-form-control wpcf7-checkbox\"><span class=\"wpcf7-list-item first last\"><label><input type=\"checkbox\" name=\"valves[]\" value=\"Logiciel de s\u00e9lection et de devis pour les fabricants de vannes allum\u00e9-\u00e9teint\" \/><span class=\"wpcf7-list-item-label\">Logiciel de s\u00e9lection et de devis pour les fabricants de vannes allum\u00e9-\u00e9teint<\/span><\/label><\/span><\/span><\/span>\n      <span class=\"wpcf7-form-control-wrap\" data-name=\"valves\"><span class=\"wpcf7-form-control wpcf7-checkbox\"><span class=\"wpcf7-list-item first last\"><label><input type=\"checkbox\" name=\"valves[]\" value=\"Logiciel de s\u00e9lection et devis pour vannes coulissantes\" \/><span class=\"wpcf7-list-item-label\">Logiciel de s\u00e9lection et devis pour vannes coulissantes<\/span><\/label><\/span><\/span><\/span>\n      <span class=\"wpcf7-form-control-wrap\" data-name=\"valves\"><span class=\"wpcf7-form-control wpcf7-checkbox\"><span class=\"wpcf7-list-item first last\"><label><input type=\"checkbox\" name=\"valves[]\" value=\"Configurateurs de vente pour le dimensionnement des pi\u00e8ges \u00e0 vapeur, s\u00e9lection et devis\" \/><span class=\"wpcf7-list-item-label\">Configurateurs de vente pour le dimensionnement des pi\u00e8ges \u00e0 vapeur, s\u00e9lection et devis<\/span><\/label><\/span><\/span><\/span>\n      <span class=\"wpcf7-form-control-wrap\" data-name=\"valves\"><span class=\"wpcf7-form-control wpcf7-checkbox\"><span class=\"wpcf7-list-item first last\"><label><input type=\"checkbox\" name=\"valves[]\" value=\"Logiciel de dimensionnement, s\u00e9lection &amp; devis pour les soupapes de s\u00e9curit\u00e9 et de d\u00e9compression\" \/><span class=\"wpcf7-list-item-label\">Logiciel de dimensionnement, s\u00e9lection &amp; devis pour les soupapes de s\u00e9curit\u00e9 et de d\u00e9compression<\/span><\/label><\/span><\/span><\/span>\n      <span class=\"wpcf7-form-control-wrap\" data-name=\"valves\"><span class=\"wpcf7-form-control wpcf7-checkbox\"><span class=\"wpcf7-list-item first last\"><label><input type=\"checkbox\" name=\"valves[]\" value=\"Configuratore di Vendita per Scaricatore di Condensa, Dimensionamento, Selezione e Quotazione\" \/><span class=\"wpcf7-list-item-label\">Configuratore di Vendita per Scaricatore di Condensa, Dimensionamento, Selezione e Quotazione<\/span><\/label><\/span><\/span><\/span>\n      <span class=\"wpcf7-form-control-wrap\" data-name=\"valves\"><span class=\"wpcf7-form-control wpcf7-checkbox\"><span class=\"wpcf7-list-item first last\"><label><input type=\"checkbox\" name=\"valves[]\" value=\"Software di Dimensionamento, Selezione e quotazione per Valvole di sicurezza e di Sfiato\" \/><span class=\"wpcf7-list-item-label\">Software di Dimensionamento, Selezione e quotazione per Valvole di sicurezza e di Sfiato<\/span><\/label><\/span><\/span><\/span>\n    <\/div>\n  <\/details>\n\n  <details>\n    <summary><strong>3. Arresters<\/strong><\/summary>\n    <div class=\"option-grid\">\n      <span class=\"wpcf7-form-control-wrap\" data-name=\"arresters\"><span class=\"wpcf7-form-control wpcf7-checkbox\"><span class=\"wpcf7-list-item first last\"><label><input type=\"checkbox\" name=\"arresters[]\" value=\"Presentation - CPQ for Flame Arresters\" \/><span class=\"wpcf7-list-item-label\">Presentation - CPQ for Flame Arresters<\/span><\/label><\/span><\/span><\/span>\n    <\/div>\n  <\/details>\n\n  <div class=\"submit-wrap\">\n<div id=\"cf7sr-69dbc52a8bd38\" class=\"cf7sr-g-recaptcha\" data-theme=\"light\" data-type=\"image\" data-size=\"normal\" data-sitekey=\"6Ldz_qcrAAAAAMs0tEGB9wtM1myUtLBCu2JZor0h\"><\/div><span class=\"wpcf7-form-control-wrap cf7sr-recaptcha\" data-name=\"cf7sr-recaptcha\"><input type=\"hidden\" name=\"cf7sr-recaptcha\" value=\"\" class=\"wpcf7-form-control\"><\/span>\n    <input class=\"wpcf7-form-control wpcf7-submit has-spinner\" type=\"submit\" value=\"Request Downloads\" \/>\n  <\/div>\n<\/div>\n\n<style>\n.download-form-box {\n  max-width: 900px;\n  margin: 0 auto;\n  padding: 30px;\n  border-radius: 10px;\n  background: #fff;\n  box-shadow: 0 2px 10px rgba(0,0,0,0.1);\n}\n\n.two-col {\n  display: flex;\n  gap: 20px;\n  flex-wrap: wrap;\n  margin-bottom: 20px;\n}\n\n.field-col {\n  flex: 1;\n  min-width: 300px;\n}\n\n.field-col input, .field-col select {\n  width: 100%;\n  padding: 12px;\n  border: 1px solid #ddd;\n  border-radius: 4px;\n  font-size: 14px;\n}\n\n.option-grid {\n  display: grid;\n  grid-template-columns: repeat(auto-fill, minmax(300px, 1fr));\n  gap: 12px;\n  margin: 15px 0;\n}\n\ndetails {\n  margin-bottom: 20px;\n  border: 1px solid #ddd;\n  border-radius: 5px;\n  padding: 15px;\n  background: #fafafa;\n}\n\nsummary {\n  cursor: pointer;\n  font-weight: bold;\n  margin-bottom: 10px;\n  padding: 10px;\n  background: #f0f0f0;\n  border-radius: 4px;\n  transition: background 0.3s;\n}\n\nsummary:hover {\n  background: #e0e0e0;\n}\n\ninput[type=\"checkbox\"] {\n  margin-right: 8px;\n  transform: scale(1.2);\n}\n\n.option-grid label {\n  display: flex;\n  align-items: flex-start;\n  padding: 8px;\n  cursor: pointer;\n  border-radius: 4px;\n  transition: background 0.3s;\n}\n\n.option-grid label:hover {\n  background: #f0f0f0;\n}\ntextarea {\n  width: 100%;\n  min-height: 80px;\n  padding: 12px;\n  border: 1px solid #ddd;\n  border-radius: 4px;\n  resize: vertical;\n  font-family: inherit;\n}\n<div class=\"download-form-box\">\n  <!-- ... your form fields ... -->\n  <div class=\"submit-wrap\">\n    <input class=\"wpcf7-form-control wpcf7-submit has-spinner\" type=\"submit\" value=\"Request Downloads\" \/>\n  <\/div>\n<\/div>\n\n<style>\n.download-form-box {\n  max-width: 900px;\n  margin: 0 auto;\n  padding: 30px;\n  border-radius: 10px;\n  background: #fff;\n}\n.two-col {\n  display: flex;\n  gap: 20px;\n  flex-wrap: wrap;\n  margin-bottom: 20px;\n}\n.field-col {\n  flex: 1;\n  min-width: 300px;\n}\n.option-grid {\n  display: grid;\n  grid-template-columns: repeat(auto-fill, minmax(300px, 1fr));\n  gap: 12px;\n  margin: 15px 0;\n}\n\/* Only add spacing and centering for the form submit button *\/\n.submit-wrap {\n  margin-top: 25px;\n  text-align: center;\n}\n\/* NO additional button styles included *\/\n<\/style><\/div><div class=\"wpcf7-response-output\" aria-hidden=\"true\"><\/div>\n<\/form>\n<\/div>\n    <\/div>\r\n\t\t\t\t<\/div>\n\t\t\t\t<\/div>\n\t\t\t\t\t<\/div>\r\n\t\t\t\t<\/div>\r\n\t\t\t\t<\/div>\n\t\t","protected":false},"excerpt":{"rendered":"<p>Please provide your details to download Configurator Solutions develops guided sales solutions for manufacturers of engineered products. To read more about our products and client successes, please fill in the form below and download the desired collateral. 1. Pumps Whitepaper &#8211; How to choose the best-fit pump for a centrifugal pumping application Presentation &#8211; Sales [&hellip;]<\/p>\n","protected":false},"author":1,"featured_media":0,"parent":0,"menu_order":0,"comment_status":"closed","ping_status":"closed","template":"","meta":{"om_disable_all_campaigns":false,"footnotes":""},"class_list":["post-16179","page","type-page","status-publish","hentry"],"aioseo_notices":[],"_links":{"self":[{"href":"https:\/\/configuratorsolutions.com\/en\/wp-json\/wp\/v2\/pages\/16179","targetHints":{"allow":["GET"]}}],"collection":[{"href":"https:\/\/configuratorsolutions.com\/en\/wp-json\/wp\/v2\/pages"}],"about":[{"href":"https:\/\/configuratorsolutions.com\/en\/wp-json\/wp\/v2\/types\/page"}],"author":[{"embeddable":true,"href":"https:\/\/configuratorsolutions.com\/en\/wp-json\/wp\/v2\/users\/1"}],"replies":[{"embeddable":true,"href":"https:\/\/configuratorsolutions.com\/en\/wp-json\/wp\/v2\/comments?post=16179"}],"version-history":[{"count":31,"href":"https:\/\/configuratorsolutions.com\/en\/wp-json\/wp\/v2\/pages\/16179\/revisions"}],"predecessor-version":[{"id":21450,"href":"https:\/\/configuratorsolutions.com\/en\/wp-json\/wp\/v2\/pages\/16179\/revisions\/21450"}],"wp:attachment":[{"href":"https:\/\/configuratorsolutions.com\/en\/wp-json\/wp\/v2\/media?parent=16179"}],"curies":[{"name":"wp","href":"https:\/\/api.w.org\/{rel}","templated":true}]}}